{"id":9,"date":"2025-12-13T16:44:25","date_gmt":"2025-12-13T16:44:25","guid":{"rendered":"https:\/\/zany-blue-tortoise.142-132-143-218.cpanel.site\/?page_id=9"},"modified":"2025-12-16T09:38:34","modified_gmt":"2025-12-16T09:38:34","slug":"menu","status":"publish","type":"page","link":"https:\/\/zany-blue-tortoise.142-132-143-218.cpanel.site\/index.php\/menu\/","title":{"rendered":"Menu"},"content":{"rendered":"<p>[et_pb_section fb_built=&#8221;1&#8243; _builder_version=&#8221;4.27.5&#8243; _module_preset=&#8221;default&#8221; custom_padding=&#8221;33px||28px|||&#8221; global_colors_info=&#8221;{}&#8221;][et_pb_row _builder_version=&#8221;4.27.5&#8243; _module_preset=&#8221;default&#8221; global_colors_info=&#8221;{}&#8221;][et_pb_column type=&#8221;4_4&#8243; _builder_version=&#8221;4.27.5&#8243; _module_preset=&#8221;default&#8221; global_colors_info=&#8221;{}&#8221;][et_pb_text content_tablet=&#8221;<\/p>\n<p style=%22text-align: center;%22><img src=%22https:\/\/zany-blue-tortoise.142-132-143-218.cpanel.site\/wp-content\/uploads\/2025\/12\/Pasta-Mania_logo-300x300.png%22 width=%22300%22 height=%22300%22 alt=%22%22 class=%22wp-image-60 alignnone size-medium%22 \/><\/p>\n<p>&#8221; content_phone=&#8221;<\/p>\n<p style=%22text-align: center;%22><img src=%22https:\/\/zany-blue-tortoise.142-132-143-218.cpanel.site\/wp-content\/uploads\/2025\/12\/Pasta-Mania_logo-300x300.png%22 width=%22192%22 height=%22192%22 alt=%22%22 class=%22wp-image-60 alignnone size-medium%22 \/><\/p>\n<p>&#8221; content_last_edited=&#8221;on|phone&#8221; _builder_version=&#8221;4.27.5&#8243; _module_preset=&#8221;default&#8221; global_colors_info=&#8221;{}&#8221;]<\/p>\n<p style=\"text-align: center;\"><img loading=\"lazy\" decoding=\"async\" src=\"https:\/\/zany-blue-tortoise.142-132-143-218.cpanel.site\/wp-content\/uploads\/2025\/12\/Pasta-Mania_logo-300x300.png\" width=\"300\" height=\"300\" alt=\"\" class=\"wp-image-60 alignnone size-medium\" \/><\/p>\n<p>[\/et_pb_text][et_pb_text content_tablet=&#8221;<\/p>\n<h2 class=%22heading%22>Pasta med passion og sj\u00e6l<\/h2>\n<p>&#8221; content_phone=&#8221;<\/p>\n<h2 class=%22heading%22>Pasta med passion og sj\u00e6l<\/h2>\n<p>&#8221; content_last_edited=&#8221;on|phone&#8221; _builder_version=&#8221;4.27.5&#8243; _module_preset=&#8221;default&#8221; header_2_text_align=&#8221;center&#8221; header_2_font_size=&#8221;38px&#8221; global_colors_info=&#8221;{}&#8221;]<\/p>\n<h2 class=\"heading\">Pasta med passion og sj\u00e6l<\/h2>\n<p>[\/et_pb_text][\/et_pb_column][\/et_pb_row][\/et_pb_section][et_pb_section fb_built=&#8221;1&#8243; _builder_version=&#8221;4.27.5&#8243; _module_preset=&#8221;default&#8221; background_color=&#8221;#000000&#8243; global_colors_info=&#8221;{}&#8221;][et_pb_row column_structure=&#8221;1_2,1_2&#8243; _builder_version=&#8221;4.27.5&#8243; _module_preset=&#8221;default&#8221; global_colors_info=&#8221;{}&#8221;][et_pb_column type=&#8221;1_2&#8243; _builder_version=&#8221;4.27.5&#8243; _module_preset=&#8221;default&#8221; global_colors_info=&#8221;{}&#8221;][et_pb_text content_tablet=&#8221;<\/p>\n<h3 style=%22text-align: center;%22>ELMEGADE 6A, KBH.<\/h3>\n<p>&#8221; content_phone=&#8221;<\/p>\n<h3 style=%22text-align: center;%22>ELMEGADE 6A, KBH.<\/h3>\n<p>&#8221; content_last_edited=&#8221;on|phone&#8221; _builder_version=&#8221;4.27.5&#8243; _module_preset=&#8221;aaa7c440-590a-4078-ae0c-0f3c699ac51c&#8221; header_font=&#8221;||||||||&#8221; header_3_font=&#8221;Darker Grotesque|700|||||||&#8221; header_3_text_color=&#8221;#FFFFFF&#8221; header_3_font_size=&#8221;36px&#8221; header_3_line_height=&#8221;1.2em&#8221; custom_margin=&#8221;||10px||false|false&#8221; header_3_font_size_tablet=&#8221;20px&#8221; header_3_font_size_phone=&#8221;30px&#8221; header_3_font_size_last_edited=&#8221;on|phone&#8221; global_colors_info=&#8221;{}&#8221;]<\/p>\n<h3 style=\"text-align: center;\">ELMEGADE 6A, KBH.<br \/>T <a href=\"tel:35352121\" class=\"adresse-2 w-inline-block\"><strong>35 35 21 21<\/strong><\/a><\/h3>\n<p>[\/et_pb_text][et_pb_text _builder_version=&#8221;4.27.5&#8243; _module_preset=&#8221;e6504a1b-67eb-4b3d-b023-bcab277610b6&#8243; header_4_font=&#8221;Darker Grotesque|800||on|||||&#8221; header_4_text_color=&#8221;#FFFFFF&#8221; header_4_font_size=&#8221;14px&#8221; header_4_letter_spacing=&#8221;1px&#8221; header_4_line_height=&#8221;1.4em&#8221; custom_margin=&#8221;||0px||false|false&#8221; global_colors_info=&#8221;{}&#8221;]<\/p>\n<h4 style=\"text-align: center;\">Bestil her<\/h4>\n<p>[\/et_pb_text][et_pb_button button_url=&#8221;https:\/\/www.foodbooking.com\/api\/fb\/y_pke_o&#8221; button_text=&#8221;Online Menu&#8221; button_alignment=&#8221;center&#8221; _builder_version=&#8221;4.27.5&#8243; _module_preset=&#8221;31b4f027-aaa0-4f2f-ae02-959764e19e4f&#8221; custom_button=&#8221;on&#8221; button_text_size=&#8221;17px&#8221; button_text_color=&#8221;#FFFFFF&#8221; button_bg_color=&#8221;RGBA(255,255,255,0)&#8221; button_border_width=&#8221;3px&#8221; button_border_color=&#8221;#FFFFFF&#8221; button_letter_spacing=&#8221;0.16em&#8221; button_font=&#8221;Darker Grotesque|800||on|||||&#8221; custom_padding=&#8221;12px|20px|12px|20px|true|true&#8221; global_colors_info=&#8221;{}&#8221;][\/et_pb_button][\/et_pb_column][et_pb_column type=&#8221;1_2&#8243; _builder_version=&#8221;4.27.5&#8243; _module_preset=&#8221;default&#8221; global_colors_info=&#8221;{}&#8221;][et_pb_text _builder_version=&#8221;4.27.5&#8243; _module_preset=&#8221;aaa7c440-590a-4078-ae0c-0f3c699ac51c&#8221; header_font=&#8221;||||||||&#8221; header_3_font=&#8221;Darker Grotesque|700|||||||&#8221; header_3_text_color=&#8221;#FFFFFF&#8221; header_3_font_size=&#8221;36px&#8221; header_3_line_height=&#8221;1.2em&#8221; width=&#8221;100%&#8221; custom_margin=&#8221;||10px||false|false&#8221; custom_padding=&#8221;||5px||false|false&#8221; hover_enabled=&#8221;0&#8243; header_3_font_size_tablet=&#8221;20px&#8221; header_3_font_size_phone=&#8221;30px&#8221; header_3_font_size_last_edited=&#8221;on|phone&#8221; global_colors_info=&#8221;{}&#8221; sticky_enabled=&#8221;0&#8243;]<\/p>\n<h3 style=\"text-align: center;\">ROSENV\u00c6NGETS ALLE 3, KBH.<br \/>T 22 19 35 35<\/h3>\n<p>[\/et_pb_text][et_pb_text _builder_version=&#8221;4.27.5&#8243; _module_preset=&#8221;default&#8221; text_text_color=&#8221;#E09900&#8243; text_font_size=&#8221;29px&#8221; text_line_height=&#8221;1.8em&#8221; hover_enabled=&#8221;0&#8243; sticky_enabled=&#8221;0&#8243;]<\/p>\n<p style=\"text-align: center;\">\u00c5BNINGSTILBUD!<br \/>Alle retter KUN KR: 100,-<\/p>\n<p>[\/et_pb_text][et_pb_text _builder_version=&#8221;4.27.5&#8243; _module_preset=&#8221;e6504a1b-67eb-4b3d-b023-bcab277610b6&#8243; header_4_font=&#8221;Darker Grotesque|800||on|||||&#8221; header_4_text_color=&#8221;#FFFFFF&#8221; header_4_font_size=&#8221;14px&#8221; header_4_letter_spacing=&#8221;1px&#8221; header_4_line_height=&#8221;1.4em&#8221; custom_margin=&#8221;||0px||false|false&#8221; global_colors_info=&#8221;{}&#8221;]<\/p>\n<h4 style=\"text-align: center;\">Bestil her<\/h4>\n<p>[\/et_pb_text][et_pb_button button_url=&#8221;https:\/\/www.foodbooking.com\/api\/fb\/de_moo&#8221; button_text=&#8221;Online Menu&#8221; button_alignment=&#8221;center&#8221; _builder_version=&#8221;4.27.5&#8243; _module_preset=&#8221;31b4f027-aaa0-4f2f-ae02-959764e19e4f&#8221; custom_button=&#8221;on&#8221; button_text_size=&#8221;17px&#8221; button_text_color=&#8221;#FFFFFF&#8221; button_bg_color=&#8221;RGBA(255,255,255,0)&#8221; button_border_width=&#8221;3px&#8221; button_border_color=&#8221;#FFFFFF&#8221; button_letter_spacing=&#8221;0.16em&#8221; button_font=&#8221;Darker Grotesque|800||on|||||&#8221; custom_padding=&#8221;12px|20px|12px|20px|true|true&#8221; global_colors_info=&#8221;{}&#8221;][\/et_pb_button][\/et_pb_column][\/et_pb_row][\/et_pb_section]<\/p>\n","protected":false},"excerpt":{"rendered":"<p>Pasta med passion og sj\u00e6lELMEGADE 6A, KBH.T 35 35 21 21Bestil herROSENV\u00c6NGETS ALLE 3, KBH.T 22 19 35 35\u00c5BNINGSTILBUD!Alle retter KUN KR: 100,-Bestil her<\/p>\n","protected":false},"author":1,"featured_media":0,"parent":0,"menu_order":0,"comment_status":"closed","ping_status":"closed","template":"","meta":{"_et_pb_use_builder":"on","_et_pb_old_content":"","_et_gb_content_width":"","footnotes":""},"class_list":["post-9","page","type-page","status-publish","hentry"],"_links":{"self":[{"href":"https:\/\/zany-blue-tortoise.142-132-143-218.cpanel.site\/index.php\/wp-json\/wp\/v2\/pages\/9","targetHints":{"allow":["GET"]}}],"collection":[{"href":"https:\/\/zany-blue-tortoise.142-132-143-218.cpanel.site\/index.php\/wp-json\/wp\/v2\/pages"}],"about":[{"href":"https:\/\/zany-blue-tortoise.142-132-143-218.cpanel.site\/index.php\/wp-json\/wp\/v2\/types\/page"}],"author":[{"embeddable":true,"href":"https:\/\/zany-blue-tortoise.142-132-143-218.cpanel.site\/index.php\/wp-json\/wp\/v2\/users\/1"}],"replies":[{"embeddable":true,"href":"https:\/\/zany-blue-tortoise.142-132-143-218.cpanel.site\/index.php\/wp-json\/wp\/v2\/comments?post=9"}],"version-history":[{"count":22,"href":"https:\/\/zany-blue-tortoise.142-132-143-218.cpanel.site\/index.php\/wp-json\/wp\/v2\/pages\/9\/revisions"}],"predecessor-version":[{"id":173,"href":"https:\/\/zany-blue-tortoise.142-132-143-218.cpanel.site\/index.php\/wp-json\/wp\/v2\/pages\/9\/revisions\/173"}],"wp:attachment":[{"href":"https:\/\/zany-blue-tortoise.142-132-143-218.cpanel.site\/index.php\/wp-json\/wp\/v2\/media?parent=9"}],"curies":[{"name":"wp","href":"https:\/\/api.w.org\/{rel}","templated":true}]}}